{"id":448,"date":"2018-01-21T09:55:43","date_gmt":"2018-01-21T08:55:43","guid":{"rendered":"http:\/\/www.tchoukball-unine.ch\/?page_id=448"},"modified":"2018-01-21T09:56:19","modified_gmt":"2018-01-21T08:56:19","slug":"impressum","status":"publish","type":"page","link":"https:\/\/www.tchoukball-unine.ch\/index.php\/impressum\/","title":{"rendered":"Impressum"},"content":{"rendered":"<p><strong>Copyright:\u00a0<\/strong><\/p>\n<p>Tous les droits sur le contenu de ce site appartiennent au club de Tchoukball Universit\u00e9 Neuch\u00e2tel.<\/p>\n<p><strong>Photos:\u00a0<\/strong><\/p>\n<p>Les photos utilis\u00e9es nous ont \u00e9t\u00e9 mise \u00e0 disposition par les photographes les ayant r\u00e9alis\u00e9es.<\/p>\n<p>Nous remercions:<\/p>\n<ul>\n<li>Yan Weber<\/li>\n<li>Bastien Amez-Droz<\/li>\n<li><i>UniNE &#8211; SITEL &#8211; Communication visuelle &#8211; Mario Cafiso\u00a0<\/i><\/li>\n<\/ul>\n","protected":false},"excerpt":{"rendered":"<p>Copyright:\u00a0 Tous les droits sur le contenu de ce site appartiennent au club de Tchoukball Universit\u00e9 Neuch\u00e2tel. Photos:\u00a0 Les photos utilis\u00e9es nous ont \u00e9t\u00e9 mise \u00e0 disposition par les photographes les ayant r\u00e9alis\u00e9es. Nous remercions: Yan Weber Bastien Amez-Droz UniNE &#8211; SITEL &#8211; Communication visuelle &#8211; Mario Cafiso\u00a0<\/p>\n","protected":false},"author":1,"featured_media":0,"parent":0,"menu_order":0,"comment_status":"closed","ping_status":"closed","template":"full-width-page.php","meta":{"footnotes":""},"class_list":["post-448","page","type-page","status-publish","hentry"],"_links":{"self":[{"href":"https:\/\/www.tchoukball-unine.ch\/index.php\/wp-json\/wp\/v2\/pages\/448","targetHints":{"allow":["GET"]}}],"collection":[{"href":"https:\/\/www.tchoukball-unine.ch\/index.php\/wp-json\/wp\/v2\/pages"}],"about":[{"href":"https:\/\/www.tchoukball-unine.ch\/index.php\/wp-json\/wp\/v2\/types\/page"}],"author":[{"embeddable":true,"href":"https:\/\/www.tchoukball-unine.ch\/index.php\/wp-json\/wp\/v2\/users\/1"}],"replies":[{"embeddable":true,"href":"https:\/\/www.tchoukball-unine.ch\/index.php\/wp-json\/wp\/v2\/comments?post=448"}],"version-history":[{"count":0,"href":"https:\/\/www.tchoukball-unine.ch\/index.php\/wp-json\/wp\/v2\/pages\/448\/revisions"}],"wp:attachment":[{"href":"https:\/\/www.tchoukball-unine.ch\/index.php\/wp-json\/wp\/v2\/media?parent=448"}],"curies":[{"name":"wp","href":"https:\/\/api.w.org\/{rel}","templated":true}]}}