{"id":171,"date":"2016-12-08T18:00:08","date_gmt":"2016-12-08T17:00:08","guid":{"rendered":"http:\/\/www.tchoukball-unine.ch\/?page_id=171"},"modified":"2017-03-29T00:05:43","modified_gmt":"2017-03-28T22:05:43","slug":"demande-dacces-a-lintranet","status":"publish","type":"page","link":"https:\/\/www.tchoukball-unine.ch\/index.php\/demande-dacces-a-lintranet\/","title":{"rendered":"Demande d&rsquo;acc\u00e8s \u00e0 l&rsquo;intranet"},"content":{"rendered":"<p>L&rsquo;intranet du club n&rsquo;est pas en acc\u00e8s libre. Il est n\u00e9cessaire de s&rsquo;enregistrer au moyen du formulaire suivant:<\/p>\n<div style=\"display:none\" class=\"fm-form-container fm-theme0\"><div id=\"fm-pages10\" class=\"fm-pages wdform_page_navigation \" show_title=\"false\" show_numbers=\"true\" type=\"none\"><\/div><form name=\"form10\" action=\"\/index.php\/wp-json\/wp\/v2\/pages\/171\" method=\"post\" id=\"form10\" class=\"fm-form form10  \" enctype=\"multipart\/form-data\"><input type=\"hidden\" id=\"fm_page_id10\" value=\"171\" name=\"fm_page_id10\" \/><input type=\"hidden\" id=\"fm_current_post_type10\" value=\"page\" name=\"fm_current_post_type10\" \/><input type=\"hidden\" id=\"counter10\" value=\"6\" name=\"counter10\" \/><input type=\"hidden\" id=\"Itemid10\" value=\"\" name=\"Itemid10\" \/><input type=\"hidden\" id=\"fm_shake10\" value=\"1\" name=\"fm_shake10\" \/><input type=\"text\" class=\"fm-hide\" id=\"fm_empty_field_validation10\" value=\"\" name=\"fm_empty_field_validation10\" data-value=\"bd736efb144d599cf463541431fbf5c4\" \/><div class=\"wdform-page-and-images fm-form-builder\" style=\"display:table; border-top:0px solid black;\"><div id=\"10form_view1\" class=\"wdform_page\" page_title=\"Untitled page\" next_title=\"Next\" next_type=\"text\" next_class=\"wdform-page-button\" next_checkable=\"false\" previous_title=\"Previous\" previous_type=\"text\" previous_class=\"wdform-page-button\" previous_checkable=\"false\"><div class=\"wdform_section fm-col-1\"><div class=\"wdform_column\"><div wdid=\"1\" class=\"wdform_row\"><div type=\"type_name\" class=\"wdform-field wd-width-100 wd-flex wd-flex-row fm-type_name\" ><div class=\"wdform-label-section wd-width-30  wd-flex-row\" style=\"max-width: 100px;\">    <label  for=\"wdform_1_element_first10\" class=\"wdform-label\">Nom complet:<\/label><span class=\"wdform-required\">*<\/span><\/div><div class=\"wdform-element-section wd-flex  wd-flex-row wd-width-70\" style=\"max-width: 200px;\"><div class=\"wd-flex wd-flex-column wd-width-50\"><input type=\"text\" class=\"wd-width-100\" id=\"wdform_1_element_first10\" name=\"wdform_1_element_first10\" data-value=\"\" value=\"\" title=\"\" placeholder=\"\"  \/><label class=\"mini_label\" for=\"wdform_1_element_first10\">Pr\u00e9nom<\/label><\/div><div class=\"wd-flex wd-flex-column wd-name-separator\"><\/div><div class=\"wd-flex wd-flex-column wd-width-50\"><input type=\"text\" class=\"wd-width-100\" id=\"wdform_1_element_last10\" name=\"wdform_1_element_last10\" data-value=\"\" value=\"\" title=\"\" placeholder=\"\"  \/><label class=\"mini_label\" for=\"wdform_1_element_last10\">Nom<\/label><\/div><\/div><\/div><\/div><\/div><div class=\"wdform_column\"><div wdid=\"2\" class=\"wdform_row\"><div type=\"type_submitter_mail\" class=\"wdform-field wd-width-100 wd-flex wd-flex-row fm-type_submitter_mail\" ><div class=\"wdform-label-section wd-width-30  wd-flex-row\" style=\"max-width: 100px;\">    <label  for=\"wdform_2_element10\" class=\"wdform-label\">E-mail:<\/label><span class=\"wdform-required\">*<\/span><\/div><div class=\"wdform-element-section wd-flex  wd-flex-row wd-width-70\" style=\"max-width: 200px;\"><input type=\"text\" class=\"wd-width-100\" id=\"wdform_2_element10\" name=\"wdform_2_element10\" data-value=\"\" value=\"\" title=\"\" placeholder=\"\"   onchange=\"wd_check_email('2', '10', 'Ceci n\\'est pas une adresse e-mail valide'); wd_check_confirmation_email('2', '10', 'Les adresses e-mail ne correspondent pas')\" \/><\/div><\/div><div type=\"type_submitter_mail\" class=\"wdform-field wd-width-100 wd-flex wd-flex-row fm-type_submitter_mail\" ><div class=\"wdform-label-section wd-width-30  wd-flex-row\" style=\"max-width: 100px;\">    <label  for=\"wdform_2_1_element10\" class=\"wdform-label\">E-mail confirmation:<\/label><span class=\"wdform-required\">*<\/span><\/div><div class=\"wdform-element-section wd-flex  wd-flex-row wd-width-70\" style=\"max-width: 200px;\"><input type=\"text\" class=\"wd-width-100\" id=\"wdform_2_1_element10\" name=\"wdform_2_1_element10\" placeholder=\"\" title=\"\"   onchange=\"wd_check_confirmation_email('2', '10', 'Les adresses e-mail ne correspondent pas')\" \/><\/div><\/div><\/div><\/div><div class=\"wdform_column\"><div wdid=\"3\" class=\"wdform_row\"><div type=\"type_checkbox\" class=\"wdform-field wd-width-100 wd-flex wd-flex-column fm-type_checkbox\" ><div class=\"wdform-label-section wd-width-100  wd-flex-wrap wd-flex-column\" style=\"max-width: 100px;\">    <label  class=\"wdform-label\">Confidentialit\u00e9:<\/label><span class=\"wdform-required\">*<\/span><\/div><div class=\"wdform-element-section wd-flex  wd-flex-wrap wd-flex-column wd-width-100\" ><div class=\"wd-flex wd-flex-column\"><input type=\"hidden\" name=\"wdform_3_element10\" value=\"\" \/><div class=\"checkbox-div wd-choice wd-flex wd-flex-row\"><input type=\"checkbox\"  id=\"wdform_3_element100\" name=\"wdform_3_element100\" value=\"Je m&#039;engage \u00e0 maintenir la confidentialit\u00e9 des informations contenues dans l&#039;intranet et \u00e0 ne pas les mettre \u00e0 disposition de tiers\"    \/><label class=\"wd-align-items-center wd-flex wd-flex-row\" for=\"wdform_3_element100\"><span><\/span>Je m'engage \u00e0 maintenir la confidentialit\u00e9 des informations contenues dans l'intranet et \u00e0 ne pas les mettre \u00e0 disposition de tiers<\/label><\/div><\/div><\/div><\/div><\/div><\/div><div class=\"wdform_column\"><div wdid=\"4\" class=\"wdform_row\"><div type=\"type_captcha\" class=\"wdform-field wd-width-100 wd-flex wd-flex-row fm-type_captcha\" ><div class=\"wdform-label-section wd-width-30  wd-flex-row wd-align-items-center\" style=\"max-width: 100px;\">    <label  for=\"wd_captcha_input10\" class=\"wdform-label\">Word Verification:<\/label><\/div><div class=\"wdform-element-section wd-flex  wd-flex-row wd-align-items-center wd-width-70\" ><img decoding=\"async\" type=\"captcha\"                           digit=\"6\"                           src=\" https:\/\/www.tchoukball-unine.ch\/wp-admin\/admin-ajax.php?action=formmakerwdcaptcha&digit=6&i=10\"                           id=\"wd_captcha10\"                           class=\"captcha_img wd-hidden\"                            \/><div class=\"captcha_refresh\" id=\"_element_refresh10\" ><\/div><input type=\"text\"                              class=\"captcha_input\"                              id=\"wd_captcha_input10\"                              name=\"captcha_input\"                              style=\"width: 80px;\"                               \/><\/div><\/div><\/div><\/div><div class=\"wdform_column\"><div wdid=\"5\" class=\"wdform_row\"><div type=\"type_submit_reset\" class=\"wdform-field wd-width-100 wd-flex wd-flex-column fm-type_submit_reset\" ><div class=\"wdform-element-section wd-flex  wd-flex-row wd-width-100\" ><button  type=\"button\" class=\"button-submit\" onclick=\"fm_submit_form('10');\"  data-ajax=\"0\"><span class=\"fm-submit-loading spinner fm-ico-spinner\"><\/span>Envoyer la demande<\/button><button  type=\"button\" class=\"button-reset \" onclick=\"fm_reset_form(10);\" >Annuler<\/button><\/div><\/div><\/div><\/div><\/div><div valign=\"top\" class=\"wdform_footer\" style=\"width: 100%;\"><div style=\"width: 100%;\"><div style=\"width: 100%; display: table; padding-top:10px;\"><div style=\"display: table-row-group;\"><div id=\"10page_nav1\" style=\"display: table-row;\"><\/div><\/div><\/div><\/div><\/div><\/div><\/div><div class=\"wdform_preload\"><\/div><input type=\"hidden\" name=\"fm-current-page\" value=\"https:\/\/www.tchoukball-unine.ch\/index.php\/wp-json\/wp\/v2\/pages\/171\" \/><\/form><\/div>\n","protected":false},"excerpt":{"rendered":"<p>L&rsquo;intranet du club n&rsquo;est pas en acc\u00e8s libre. Il est n\u00e9cessaire de s&rsquo;enregistrer au moyen du formulaire suivant:<\/p>\n","protected":false},"author":1,"featured_media":0,"parent":0,"menu_order":0,"comment_status":"closed","ping_status":"closed","template":"full-width-page.php","meta":{"footnotes":""},"class_list":["post-171","page","type-page","status-publish","hentry"],"_links":{"self":[{"href":"https:\/\/www.tchoukball-unine.ch\/index.php\/wp-json\/wp\/v2\/pages\/171","targetHints":{"allow":["GET"]}}],"collection":[{"href":"https:\/\/www.tchoukball-unine.ch\/index.php\/wp-json\/wp\/v2\/pages"}],"about":[{"href":"https:\/\/www.tchoukball-unine.ch\/index.php\/wp-json\/wp\/v2\/types\/page"}],"author":[{"embeddable":true,"href":"https:\/\/www.tchoukball-unine.ch\/index.php\/wp-json\/wp\/v2\/users\/1"}],"replies":[{"embeddable":true,"href":"https:\/\/www.tchoukball-unine.ch\/index.php\/wp-json\/wp\/v2\/comments?post=171"}],"version-history":[{"count":0,"href":"https:\/\/www.tchoukball-unine.ch\/index.php\/wp-json\/wp\/v2\/pages\/171\/revisions"}],"wp:attachment":[{"href":"https:\/\/www.tchoukball-unine.ch\/index.php\/wp-json\/wp\/v2\/media?parent=171"}],"curies":[{"name":"wp","href":"https:\/\/api.w.org\/{rel}","templated":true}]}}